{"id":51,"date":"2015-08-09T11:15:24","date_gmt":"2015-08-09T11:15:24","guid":{"rendered":"http:\/\/www.b3wegung.de\/wordpress\/?page_id=51"},"modified":"2022-12-09T09:19:14","modified_gmt":"2022-12-09T09:19:14","slug":"philosophie","status":"publish","type":"page","link":"https:\/\/www.b3wegung.de\/?page_id=51","title":{"rendered":"Philosophie"},"content":{"rendered":"<h2>b3wegung Raum f\u00fcr Gesundheit<\/h2>\n<p>Die &#8222;3&#8220; in unserem Namen steht f\u00fcr Motivation-Bewegung-Lebensqualit\u00e4t. Mit einer individuell angepassten Therapie motivieren wir Sie, sich wieder aktiv durch Ihren Alltag zu bewegen und damit wieder volle Lebensqualit\u00e4t zu erreichen.<\/p>\n<p>Damit unser K\u00f6rper gut funktioniert, ben\u00f6tigt er Bewegung und Belastung. Denn die Evolution hat den Menschen zu einem Zweibeiner gemacht, der sich aufrecht fortbewegt. Gehen, Rennen, Kriechen, Klettern: Nur wer diese F\u00e4higkeiten nutzte, konnte in der Fr\u00fchzeit \u00fcberleben. Bis heute sagt uns unser K\u00f6rperbau: &#8222;Du bist J\u00e4ger und Sammler.&#8220; Aber unser Alltag zeigt: Du bist Couch-Potato, Schreibtischt\u00e4ter oder Malocher. Wir leben mit unserem K\u00f6rper nicht in dem Sinne, wie ihn die Evolution geformt hat. Die Folge sind Zivilisationskrankheiten. Es f\u00e4ngt beim Wohlstandssyndrom (\u00dcbergewicht, Bluthochdruck) an und h\u00f6rt bei Arthrose (Gelenkverschlei\u00df), Hexenschuss und Ischias noch lange nicht auf &#8211; alles deutliche Warnsignale unseres Organismus. Unser K\u00f6rper ist von Natur aus \u00d6konom. Alles was wir nicht mehr nutzen, wird abgebaut, um Energie zu sparen. Was wir nutzen, wird erhalten, gest\u00e4rkt und erweitert.<\/p>\n<p>Gemeinsam bringen wir wieder Bewegung in Ihre Gesundheit.<br \/>\nDeshalb lautet unser Auftrag:<\/p>\n<ul style=\"padding-bottom: 1rem;\">\n<li>\n<h3>Motivation<\/h3>\n<p>Die Aufkl\u00e4rung Ihres Problems, eine entsprechende Anpassung im Verhalten und Entwicklung einer Strategie, um der Ursache vorzubeugen.<\/li>\n<li>\n<h3>Bewegung<\/h3>\n<p>Die f\u00fcr Sie bestm\u00f6gliche Therapie mit einer optimierten Belastung und aktiver Alltagsgestaltung.<\/li>\n<li>\n<h3>Lebensqualit\u00e4t<\/h3>\n<p>Die F\u00e4higkeit, wieder alles tun zu k\u00f6nnen, was Ihnen der Alltag abverlangt.<\/li>\n<\/ul>\n<h2>Wir freuen uns auf die Zusammenarbeit mit Ihnen.<\/h2>\n","protected":false},"excerpt":{"rendered":"<p>b3wegung Raum f\u00fcr Gesundheit Die &#8222;3&#8220; in unserem Namen steht f\u00fcr Motivation-Bewegung-Lebensqualit\u00e4t. Mit einer individuell angepassten Therapie motivieren wir Sie, sich wieder aktiv durch Ihren Alltag zu bewegen und damit wieder volle Lebensqualit\u00e4t zu erreichen. Damit unser K\u00f6rper gut funktioniert, ben\u00f6tigt er Bewegung und Belastung. Denn die Evolution hat den Menschen zu einem Zweibeiner gemacht, [&hellip;]<\/p>\n","protected":false},"author":1,"featured_media":0,"parent":0,"menu_order":0,"comment_status":"closed","ping_status":"closed","template":"","meta":{"footnotes":""},"class_list":["post-51","page","type-page","status-publish","hentry"],"_links":{"self":[{"href":"https:\/\/www.b3wegung.de\/index.php?rest_route=\/wp\/v2\/pages\/51","targetHints":{"allow":["GET"]}}],"collection":[{"href":"https:\/\/www.b3wegung.de\/index.php?rest_route=\/wp\/v2\/pages"}],"about":[{"href":"https:\/\/www.b3wegung.de\/index.php?rest_route=\/wp\/v2\/types\/page"}],"author":[{"embeddable":true,"href":"https:\/\/www.b3wegung.de\/index.php?rest_route=\/wp\/v2\/users\/1"}],"replies":[{"embeddable":true,"href":"https:\/\/www.b3wegung.de\/index.php?rest_route=%2Fwp%2Fv2%2Fcomments&post=51"}],"version-history":[{"count":9,"href":"https:\/\/www.b3wegung.de\/index.php?rest_route=\/wp\/v2\/pages\/51\/revisions"}],"predecessor-version":[{"id":492,"href":"https:\/\/www.b3wegung.de\/index.php?rest_route=\/wp\/v2\/pages\/51\/revisions\/492"}],"wp:attachment":[{"href":"https:\/\/www.b3wegung.de\/index.php?rest_route=%2Fwp%2Fv2%2Fmedia&parent=51"}],"curies":[{"name":"wp","href":"https:\/\/api.w.org\/{rel}","templated":true}]}}