{"id":5,"date":"2015-08-09T11:01:05","date_gmt":"2015-08-09T11:01:05","guid":{"rendered":"http:\/\/www.b3wegung.de\/wordpress\/?page_id=5"},"modified":"2025-06-10T06:13:03","modified_gmt":"2025-06-10T06:13:03","slug":"impressum","status":"publish","type":"page","link":"https:\/\/www.b3wegung.de\/?page_id=5","title":{"rendered":"Impressum"},"content":{"rendered":"<h1 class=\"p1\">Impressum<\/h1>\n<h3><b>Angaben gem\u00e4\u00df \u00a7\u202f5 TMG<\/b><\/h3>\n<p>&nbsp;<\/p>\n<p class=\"p3\"><b>Physiotherapie b3wegung<\/b><b><\/b><\/p>\n<p class=\"p4\">Inhaber: Edmund Schaermann<\/p>\n<p class=\"p4\">Kirchplatz 4<\/p>\n<p class=\"p4\">33175 Bad Lippspringe<\/p>\n<p class=\"p4\">Telefon: 05252 \u2013 9368090<\/p>\n<p class=\"p4\">Fax: 05252 \u2013 9368091<\/p>\n<p class=\"p4\">E-Mail: info@b3wegung.de<\/p>\n<p class=\"p1\">\n<hr \/>\n<p>&nbsp;<\/p>\n<p class=\"p1\">\n<h2><b>Berufsbezeichnung und berufsrechtliche Angaben<\/b><\/h2>\n<p>&nbsp;<\/p>\n<p class=\"p1\">\n<ul>\n<li>\n<p class=\"p1\">Berufsbezeichnung: Physiotherapeut<\/p>\n<\/li>\n<li>\n<p class=\"p1\">Verliehen in: Bundesrepublik Deutschland<\/p>\n<\/li>\n<li>\n<p class=\"p1\">Zust\u00e4ndige Aufsichtsbeh\u00f6rde:<\/p>\n<p class=\"p1\">Gesundheitsamt Kreis Paderborn<\/p>\n<p class=\"p1\">Ludwig-Erhard-Allee 19<\/p>\n<p class=\"p1\">33175 Bad Lippspringe<\/p>\n<p class=\"p1\">Website: <a href=\"https:\/\/www.kreis-paderborn.de\/\">www.kreis-paderborn.de<\/a><\/p>\n<\/li>\n<li>\n<p class=\"p1\">Berufsrechtliche Regelungen:<\/p>\n<p class=\"p1\">Gesetz \u00fcber die Berufe in der Physiotherapie (MPhG)<\/p>\n<p class=\"p1\">Heilmittelwerbegesetz (HWG)<\/p>\n<\/li>\n<\/ul>\n<p>&nbsp;<\/p>\n<p class=\"p1\">\n<hr \/>\n<p>&nbsp;<\/p>\n<p class=\"p1\">\n<h2><b>Verantwortlich f\u00fcr den Inhalt nach \u00a7 55 Abs. 2 RStV<\/b><\/h2>\n<p>&nbsp;<\/p>\n<p class=\"p4\">Edmund Schaermann<\/p>\n<p class=\"p4\">Anschrift wie oben<\/p>\n<p class=\"p1\">\n<hr \/>\n<p>&nbsp;<\/p>\n<p class=\"p1\">\n<h2><b>Haftung f\u00fcr Inhalte<\/b><\/h2>\n<p>&nbsp;<\/p>\n<p class=\"p4\">Als Diensteanbieter sind wir gem\u00e4\u00df \u00a7 7 Abs. 1 TMG f\u00fcr eigene Inhalte auf diesen Seiten nach den allgemeinen Gesetzen verantwortlich.<\/p>\n<p class=\"p4\">Nach \u00a7\u00a7 8 bis 10 TMG sind wir jedoch nicht verpflichtet, \u00fcbermittelte oder gespeicherte fremde Informationen zu \u00fcberwachen oder nach Umst\u00e4nden zu forschen, die auf eine rechtswidrige T\u00e4tigkeit hinweisen.<\/p>\n<p class=\"p4\">Verpflichtungen zur Entfernung oder Sperrung der Nutzung von Informationen nach den allgemeinen Gesetzen bleiben hiervon unber\u00fchrt. Eine diesbez\u00fcgliche Haftung ist jedoch erst ab dem Zeitpunkt der Kenntnis einer konkreten Rechtsverletzung m\u00f6glich.<\/p>\n<p class=\"p1\">\n<hr \/>\n<p>&nbsp;<\/p>\n<p class=\"p1\">\n<h2><b>Haftung f\u00fcr Links<\/b><\/h2>\n<p>&nbsp;<\/p>\n<p class=\"p4\">Unser Angebot enth\u00e4lt Links zu externen Webseiten Dritter, auf deren Inhalte wir keinen Einfluss haben.<\/p>\n<p class=\"p4\">Deshalb k\u00f6nnen wir f\u00fcr diese fremden Inhalte auch keine Gew\u00e4hr \u00fcbernehmen. F\u00fcr die Inhalte der verlinkten Seiten ist stets der jeweilige Anbieter oder Betreiber der Seiten verantwortlich.<\/p>\n<p class=\"p4\">Bei Bekanntwerden von Rechtsverletzungen werden wir derartige Links umgehend entfernen.<\/p>\n<p class=\"p1\">\n<hr \/>\n<p>&nbsp;<\/p>\n<p class=\"p1\">\n<h2><b>Online-Streitbeilegung<\/b><\/h2>\n<p>&nbsp;<\/p>\n<p class=\"p4\">Die Europ\u00e4ische Kommission stellt eine Plattform zur Online-Streitbeilegung (OS) bereit:<\/p>\n<p class=\"p4\"><a href=\"https:\/\/ec.europa.eu\/consumers\/odr\/\">https:\/\/ec.europa.eu\/consumers\/odr\/<\/a><\/p>\n<p class=\"p4\">Unsere E-Mail-Adresse finden Sie oben im Impressum.<\/p>\n<p class=\"p1\">\n<hr \/>\n<p>&nbsp;<\/p>\n<p class=\"p1\">\n<h2><b>Hinweis gem\u00e4\u00df Verbraucherstreitbeilegungsgesetz (VSBG)<\/b><\/h2>\n<p>&nbsp;<\/p>\n<p class=\"p4\">Wir sind nicht verpflichtet und nicht bereit, an Streitbeilegungsverfahren vor einer Verbraucherschlichtungsstelle teilzunehmen.<\/p>\n","protected":false},"excerpt":{"rendered":"<p>Impressum Angaben gem\u00e4\u00df \u00a7\u202f5 TMG &nbsp; Physiotherapie b3wegung Inhaber: Edmund Schaermann Kirchplatz 4 33175 Bad Lippspringe Telefon: 05252 \u2013 9368090 Fax: 05252 \u2013 9368091 E-Mail: info@b3wegung.de &nbsp; Berufsbezeichnung und berufsrechtliche Angaben &nbsp; Berufsbezeichnung: Physiotherapeut Verliehen in: Bundesrepublik Deutschland Zust\u00e4ndige Aufsichtsbeh\u00f6rde: Gesundheitsamt Kreis Paderborn Ludwig-Erhard-Allee 19 33175 Bad Lippspringe Website: www.kreis-paderborn.de Berufsrechtliche Regelungen: Gesetz \u00fcber die [&hellip;]<\/p>\n","protected":false},"author":1,"featured_media":0,"parent":0,"menu_order":30,"comment_status":"closed","ping_status":"closed","template":"","meta":{"footnotes":""},"class_list":["post-5","page","type-page","status-publish","hentry"],"_links":{"self":[{"href":"https:\/\/www.b3wegung.de\/index.php?rest_route=\/wp\/v2\/pages\/5","targetHints":{"allow":["GET"]}}],"collection":[{"href":"https:\/\/www.b3wegung.de\/index.php?rest_route=\/wp\/v2\/pages"}],"about":[{"href":"https:\/\/www.b3wegung.de\/index.php?rest_route=\/wp\/v2\/types\/page"}],"author":[{"embeddable":true,"href":"https:\/\/www.b3wegung.de\/index.php?rest_route=\/wp\/v2\/users\/1"}],"replies":[{"embeddable":true,"href":"https:\/\/www.b3wegung.de\/index.php?rest_route=%2Fwp%2Fv2%2Fcomments&post=5"}],"version-history":[{"count":13,"href":"https:\/\/www.b3wegung.de\/index.php?rest_route=\/wp\/v2\/pages\/5\/revisions"}],"predecessor-version":[{"id":572,"href":"https:\/\/www.b3wegung.de\/index.php?rest_route=\/wp\/v2\/pages\/5\/revisions\/572"}],"wp:attachment":[{"href":"https:\/\/www.b3wegung.de\/index.php?rest_route=%2Fwp%2Fv2%2Fmedia&parent=5"}],"curies":[{"name":"wp","href":"https:\/\/api.w.org\/{rel}","templated":true}]}}