{"id":2,"date":"2015-08-09T09:41:44","date_gmt":"2015-08-09T09:41:44","guid":{"rendered":"http:\/\/www.b3wegung.de\/wordpress\/?page_id=2"},"modified":"2026-03-24T06:36:26","modified_gmt":"2026-03-24T06:36:26","slug":"willkommen","status":"publish","type":"page","link":"https:\/\/www.b3wegung.de\/","title":{"rendered":"b3wegung.de"},"content":{"rendered":"<h2 style=\"text-align: center;\">\u00a0<\/h2>\n<h2><a href=\"http:\/\/www.b3wegung.de\/wp-content\/uploads\/2026\/02\/Komm-zu-b3wegung.de-deinem-Raum-fur-Gesundheit.pdf\"><span style=\"color: #ff0000;\">Wir suchen Verst\u00e4rkung<\/span><\/a><\/h2>\n<h2>Herzlich willkommen bei b3wegung Raum f\u00fcr Gesundheit<\/h2>\n<p>Die &#8222;3&#8220; in unserem Namen steht f\u00fcr Motivation-Bewegung-Lebensqualit\u00e4t. Mit einer individuell angepassten Therapie motivieren wir Sie, sich wieder aktiv durch Ihren Alltag zu bewegen und damit wieder volle Lebensqualit\u00e4t zu erreichen.<\/p>\n<p>Gemeinsam bringen wir wieder Bewegung in Ihre Gesundheit.<br \/>Deshalb lautet unser Auftrag:<\/p>\n<ul style=\"padding-bottom: 1rem;\">\n<li>\n<h3>Motivation<\/h3>\n<p>Die Aufkl\u00e4rung Ihres Problems, eine entsprechende Anpassung im Verhalten und Entwicklung einer Strategie, um der Ursache vorzubeugen.<\/p>\n<\/li>\n<li>\n<h3>Bewegung<\/h3>\n<p>Die f\u00fcr Sie bestm\u00f6gliche Therapie mit einer optimierten Belastung und aktiver Alltagsgestaltung.<\/p>\n<\/li>\n<li>\n<h3>Lebensqualit\u00e4t<\/h3>\n<p>Die F\u00e4higkeit, wieder alles tun zu k\u00f6nnen, was Ihnen der Alltag abverlangt.<\/p>\n<\/li>\n<\/ul>\n<h2>Wir freuen uns auf eine gute Zusammenarbeit,<\/h2>\n<h2>Ihr Team b3wegung.de in Bad Lippspringe.<\/h2>\n<h2 style=\"text-align: center;\">\u00a0<\/h2>\n\n\n<p><\/p>\n","protected":false},"excerpt":{"rendered":"<p>\u00a0 Wir suchen Verst\u00e4rkung Herzlich willkommen bei b3wegung Raum f\u00fcr Gesundheit Die &#8222;3&#8220; in unserem Namen steht f\u00fcr Motivation-Bewegung-Lebensqualit\u00e4t. Mit einer individuell angepassten Therapie motivieren wir Sie, sich wieder aktiv durch Ihren Alltag zu bewegen und damit wieder volle Lebensqualit\u00e4t zu erreichen. Gemeinsam bringen wir wieder Bewegung in Ihre Gesundheit.Deshalb lautet unser Auftrag: Motivation Die [&hellip;]<\/p>\n","protected":false},"author":1,"featured_media":0,"parent":0,"menu_order":0,"comment_status":"closed","ping_status":"closed","template":"","meta":{"footnotes":""},"class_list":["post-2","page","type-page","status-publish","hentry"],"_links":{"self":[{"href":"https:\/\/www.b3wegung.de\/index.php?rest_route=\/wp\/v2\/pages\/2","targetHints":{"allow":["GET"]}}],"collection":[{"href":"https:\/\/www.b3wegung.de\/index.php?rest_route=\/wp\/v2\/pages"}],"about":[{"href":"https:\/\/www.b3wegung.de\/index.php?rest_route=\/wp\/v2\/types\/page"}],"author":[{"embeddable":true,"href":"https:\/\/www.b3wegung.de\/index.php?rest_route=\/wp\/v2\/users\/1"}],"replies":[{"embeddable":true,"href":"https:\/\/www.b3wegung.de\/index.php?rest_route=%2Fwp%2Fv2%2Fcomments&post=2"}],"version-history":[{"count":28,"href":"https:\/\/www.b3wegung.de\/index.php?rest_route=\/wp\/v2\/pages\/2\/revisions"}],"predecessor-version":[{"id":594,"href":"https:\/\/www.b3wegung.de\/index.php?rest_route=\/wp\/v2\/pages\/2\/revisions\/594"}],"wp:attachment":[{"href":"https:\/\/www.b3wegung.de\/index.php?rest_route=%2Fwp%2Fv2%2Fmedia&parent=2"}],"curies":[{"name":"wp","href":"https:\/\/api.w.org\/{rel}","templated":true}]}}